{"id":14,"date":"2020-09-24T14:37:53","date_gmt":"2020-09-24T12:37:53","guid":{"rendered":"http:\/\/farbmeer.de\/dierich\/?page_id=14"},"modified":"2023-04-01T17:47:51","modified_gmt":"2023-04-01T15:47:51","slug":"ablauf","status":"publish","type":"page","link":"https:\/\/osteopathie-oberhausen.com\/de\/ablauf\/","title":{"rendered":"ABLAUF"},"content":{"rendered":"<div id=\"pl-14\"  class=\"panel-layout\" ><div id=\"pg-14-0\"  class=\"panel-grid panel-has-style\" ><div class=\"siteorigin-panels-stretch kt-no-vertical-gutter kt-panel-row-stretch panel-widget-style panel-row-style panel-row-style-for-14-0\" style=\"background-image: url(https:\/\/osteopathie-oberhausen.com\/de\/wp-content\/uploads\/baby_filter.jpg);background-size: cover;background-position: center center;visibility: hidden;\" data-stretch-type=\"full\" ><div id=\"pgc-14-0-0\"  class=\"panel-grid-cell panel-grid-cell-empty\" ><\/div><\/div><\/div><div id=\"pg-14-1\"  class=\"panel-grid panel-no-style\" ><div id=\"pgc-14-1-0\"  class=\"panel-grid-cell panel-grid-cell-mobile-last\" ><div id=\"panel-14-1-0-0\" class=\"so-panel widget widget_sow-editor panel-first-child panel-last-child\" data-index=\"0\" ><div class=\"panel-widget-style panel-widget-style-for-14-1-0-0\" ><div\n\t\t\t\n\t\t\tclass=\"so-widget-sow-editor so-widget-sow-editor-base\"\n\t\t\t\n\t\t>\n<div class=\"siteorigin-widget-tinymce textwidget\">\n\t<h1><span style=\"color: #ffffff;\">ABLAUF<\/span><\/h1>\n<\/div>\n<\/div><\/div><\/div><\/div><div id=\"pgc-14-1-1\"  class=\"panel-grid-cell panel-grid-cell-empty\" ><\/div><\/div><div id=\"pg-14-2\"  class=\"panel-grid panel-has-style\" ><div class=\"panel-widget-style panel-row-style panel-row-style-for-14-2\" ><div id=\"pgc-14-2-0\"  class=\"panel-grid-cell\" ><div id=\"panel-14-2-0-0\" class=\"so-panel widget widget_sow-editor panel-first-child panel-last-child\" data-index=\"1\" ><div class=\"panel-widget-style panel-widget-style-for-14-2-0-0\" ><div\n\t\t\t\n\t\t\tclass=\"so-widget-sow-editor so-widget-sow-editor-base\"\n\t\t\t\n\t\t>\n<div class=\"siteorigin-widget-tinymce textwidget\">\n\t<p><img loading=\"lazy\" decoding=\"async\" src=\"https:\/\/osteopathie-oberhausen.com\/de\/wp-content\/uploads\/AdobeStock_106722923.jpg\" alt=\"\" width=\"2200\" height=\"1467\" class=\"alignnone size-full wp-image-40\" srcset=\"https:\/\/osteopathie-oberhausen.com\/de\/wp-content\/uploads\/AdobeStock_106722923.jpg 2200w, https:\/\/osteopathie-oberhausen.com\/de\/wp-content\/uploads\/AdobeStock_106722923-300x200.jpg 300w, https:\/\/osteopathie-oberhausen.com\/de\/wp-content\/uploads\/AdobeStock_106722923-1024x683.jpg 1024w, https:\/\/osteopathie-oberhausen.com\/de\/wp-content\/uploads\/AdobeStock_106722923-768x512.jpg 768w, https:\/\/osteopathie-oberhausen.com\/de\/wp-content\/uploads\/AdobeStock_106722923-1536x1024.jpg 1536w, https:\/\/osteopathie-oberhausen.com\/de\/wp-content\/uploads\/AdobeStock_106722923-2048x1366.jpg 2048w, https:\/\/osteopathie-oberhausen.com\/de\/wp-content\/uploads\/AdobeStock_106722923-272x182.jpg 272w\" sizes=\"auto, (max-width: 2200px) 100vw, 2200px\" \/><\/p>\n<\/div>\n<\/div><\/div><\/div><\/div><div id=\"pgc-14-2-1\"  class=\"panel-grid-cell\" ><div id=\"panel-14-2-1-0\" class=\"so-panel widget widget_sow-editor panel-first-child panel-last-child\" data-index=\"2\" ><div class=\"panel-widget-style panel-widget-style-for-14-2-1-0\" ><div\n\t\t\t\n\t\t\tclass=\"so-widget-sow-editor so-widget-sow-editor-base\"\n\t\t\t\n\t\t>\n<div class=\"siteorigin-widget-tinymce textwidget\">\n\t<h2>ABLAUF EINER BEHANDLUNG<\/h2>\n<p>Zun\u00e4chst erfolgt ein Anamnesegespr\u00e4ch in vertrauensvoller Atmosph\u00e4re mit einer ausf\u00fchrlichen Befunderhebung, sodass eine osteopathische Diagnose gestellt werden kann. Die Techniken werden dann individuell ausgew\u00e4hlt, sodass sie auf ihre Situation abgestimmt ist. Dabei ist mir wichtig, dass Sie umfassend \u00fcber die Behandlung und die Diagnosestellung aufgekl\u00e4rt werden und es immer Raum f\u00fcr Fragen gibt. <span class=\"Apple-converted-space\">\u00a0<\/span><\/p>\n<p>Wie oft eine osteopathische Behandlung stattfinden sollte, wird ganz individuell auf ihr Beschwerdebild entschieden.<span class=\"Apple-converted-space\">\u00a0<\/span><\/p>\n<p>Bei akuten Beschwerden kann es zu Sitzungen in k\u00fcrzeren Zeitabst\u00e4nden kommen.<span class=\"Apple-converted-space\">\u00a0<\/span>Bei chronischen Beschwerden kann es sinnvoll sein, die Behandlungen mit l\u00e4ngeren Zeitabst\u00e4nden begleitend fortzuf\u00fchren.<\/p>\n<p>Genauso nehmen aber viele Patienten die M\u00f6glichkeit in Anspruch sich 2-3 Mal im Jahr pr\u00e4ventiv behandeln zu lassen.<span class=\"Apple-converted-space\">\u00a0<\/span>Jede Behandlung schlie\u00dft die Ver\u00e4nderungen, die sich in der Zwischenzeit ergeben haben, mit ein und wird so wieder individuell angepasst.<span class=\"Apple-converted-space\">\u00a0<\/span><\/p>\n<\/div>\n<\/div><\/div><\/div><\/div><\/div><\/div><div id=\"pg-14-3\"  class=\"panel-grid panel-no-style\" ><div id=\"pgc-14-3-0\"  class=\"panel-grid-cell\" ><div id=\"panel-14-3-0-0\" class=\"so-panel widget widget_sow-editor panel-first-child panel-last-child\" data-index=\"3\" ><div\n\t\t\t\n\t\t\tclass=\"so-widget-sow-editor so-widget-sow-editor-base\"\n\t\t\t\n\t\t>\n<div class=\"siteorigin-widget-tinymce textwidget\">\n\t<div class=\"kad-spacer clearfix\" style=\"height:20px\"><\/div>\n<hr \/>\n<div class=\"kad-spacer clearfix\" style=\"height:20px\"><\/div>\n<h2>KOSTEN EINER OSTEOPATHISCHEN BEHANDLUNG<\/h2>\n<p>Die Kosten einer osteopathischen Behandlung sind individuell abh\u00e4ngig von der Dauer der Behandlung. In der Regel liegen diese zwischen 85- 120\u20ac und ergeben sich aus der Geb\u00fchrenverordnung f\u00fcr Heilpraktiker (Geb\u00fcH). Da die Osteopathie keine regul\u00e4re Leistung aller Krankenkassen ist, wird dieser Betrag direkt vom Patienten beglichen. Je nach Versicherung und Tarif beteiligt sich Ihre Krankenkasse an den Kosten.<\/p>\n<h4><\/h4>\n<h5>Gesetzliche Krankenversicherung (GKV)<\/h5>\n<p>Viele der gesetzlichen Krankenversicherungen haben die Vorteile einer osteopathischen Behandlung erkannt und erstatten einen Teil der Kosten. Dazu reichen Sie die in der Praxis erhaltene Rechnung bei der Krankenkasse ein und bekommen anschlie\u00dfend einen entsprechenden Anteil ausgezahlt. Viele Krankenkassen w\u00fcnschen zur Erstattung der Kosten ein Verordnung vom Arzt. Bitte informieren Sie sich diesbez\u00fcglich vorab bei Ihrer Krankenkasse.<\/p>\n<h4><\/h4>\n<h5>Private Krankenversicherung (PKV)<\/h5>\n<p>Im Rahmen der Geb\u00fchrenverordung f\u00fcr Heilpraktiker (Geb\u00fcH) wird ein Gro\u00dfteil der Behandlungskosten von den meisten Versicherung erstattet. Dies gilt auch f\u00fcr die Beihilfe und private Zusatzversicherungen f\u00fcr Heilpraktiker.<\/p>\n<p>Die Kosten\u00fcbernahme durch ihre Versicherung h\u00e4ngt sehr von der entsprechenden Versicherungsgesellschaft und Ihrem jeweiligen Tarif ab. Bitte besprechen Sie eine m\u00f6gliche Kosten\u00fcbernahme vor der Behandlung mit ihrer Versicherungsgesellschaft.<\/p>\n<\/div>\n<\/div><\/div><\/div><\/div><div id=\"pg-14-4\"  class=\"panel-grid panel-no-style\" ><div id=\"pgc-14-4-0\"  class=\"panel-grid-cell panel-grid-cell-empty\" ><\/div><\/div><\/div>","protected":false},"excerpt":{"rendered":"<p>ABLAUF<\/p>\n","protected":false},"author":1,"featured_media":0,"parent":0,"menu_order":0,"comment_status":"closed","ping_status":"closed","template":"","meta":{"footnotes":""},"class_list":["post-14","page","type-page","status-publish","hentry"],"yoast_head":"<!-- This site is optimized with the Yoast SEO plugin v27.4 - https:\/\/yoast.com\/product\/yoast-seo-wordpress\/ -->\n<title>ABLAUF - Osteopathie Oberhausen<\/title>\n<meta name=\"robots\" content=\"index, follow, max-snippet:-1, max-image-preview:large, max-video-preview:-1\" \/>\n<link rel=\"canonical\" href=\"https:\/\/osteopathie-oberhausen.com\/de\/ablauf\/\" \/>\n<meta property=\"og:locale\" content=\"de_DE\" \/>\n<meta property=\"og:type\" content=\"article\" \/>\n<meta property=\"og:title\" content=\"ABLAUF - Osteopathie Oberhausen\" \/>\n<meta property=\"og:description\" content=\"ABLAUF\" \/>\n<meta property=\"og:url\" content=\"https:\/\/osteopathie-oberhausen.com\/de\/ablauf\/\" \/>\n<meta property=\"og:site_name\" content=\"Osteopathie Oberhausen\" \/>\n<meta property=\"article:modified_time\" content=\"2023-04-01T15:47:51+00:00\" \/>\n<meta property=\"og:image\" content=\"https:\/\/osteopathie-oberhausen.com\/de\/wp-content\/uploads\/AdobeStock_106722923.jpg\" \/>\n<meta name=\"twitter:card\" content=\"summary_large_image\" \/>\n<meta name=\"twitter:label1\" content=\"Gesch\u00e4tzte Lesezeit\" \/>\n\t<meta name=\"twitter:data1\" content=\"2\u00a0Minuten\" \/>\n<script type=\"application\/ld+json\" class=\"yoast-schema-graph\">{\"@context\":\"https:\\\/\\\/schema.org\",\"@graph\":[{\"@type\":\"WebPage\",\"@id\":\"https:\\\/\\\/osteopathie-oberhausen.com\\\/de\\\/ablauf\\\/\",\"url\":\"https:\\\/\\\/osteopathie-oberhausen.com\\\/de\\\/ablauf\\\/\",\"name\":\"ABLAUF - Osteopathie Oberhausen\",\"isPartOf\":{\"@id\":\"https:\\\/\\\/osteopathie-oberhausen.com\\\/de\\\/#website\"},\"primaryImageOfPage\":{\"@id\":\"https:\\\/\\\/osteopathie-oberhausen.com\\\/de\\\/ablauf\\\/#primaryimage\"},\"image\":{\"@id\":\"https:\\\/\\\/osteopathie-oberhausen.com\\\/de\\\/ablauf\\\/#primaryimage\"},\"thumbnailUrl\":\"https:\\\/\\\/osteopathie-oberhausen.com\\\/de\\\/wp-content\\\/uploads\\\/AdobeStock_106722923.jpg\",\"datePublished\":\"2020-09-24T12:37:53+00:00\",\"dateModified\":\"2023-04-01T15:47:51+00:00\",\"breadcrumb\":{\"@id\":\"https:\\\/\\\/osteopathie-oberhausen.com\\\/de\\\/ablauf\\\/#breadcrumb\"},\"inLanguage\":\"de\",\"potentialAction\":[{\"@type\":\"ReadAction\",\"target\":[\"https:\\\/\\\/osteopathie-oberhausen.com\\\/de\\\/ablauf\\\/\"]}]},{\"@type\":\"ImageObject\",\"inLanguage\":\"de\",\"@id\":\"https:\\\/\\\/osteopathie-oberhausen.com\\\/de\\\/ablauf\\\/#primaryimage\",\"url\":\"https:\\\/\\\/osteopathie-oberhausen.com\\\/de\\\/wp-content\\\/uploads\\\/AdobeStock_106722923.jpg\",\"contentUrl\":\"https:\\\/\\\/osteopathie-oberhausen.com\\\/de\\\/wp-content\\\/uploads\\\/AdobeStock_106722923.jpg\",\"width\":2200,\"height\":1467},{\"@type\":\"BreadcrumbList\",\"@id\":\"https:\\\/\\\/osteopathie-oberhausen.com\\\/de\\\/ablauf\\\/#breadcrumb\",\"itemListElement\":[{\"@type\":\"ListItem\",\"position\":1,\"name\":\"Startseite\",\"item\":\"https:\\\/\\\/osteopathie-oberhausen.com\\\/de\\\/\"},{\"@type\":\"ListItem\",\"position\":2,\"name\":\"ABLAUF\"}]},{\"@type\":\"WebSite\",\"@id\":\"https:\\\/\\\/osteopathie-oberhausen.com\\\/de\\\/#website\",\"url\":\"https:\\\/\\\/osteopathie-oberhausen.com\\\/de\\\/\",\"name\":\"Osteopathie Oberhausen\",\"description\":\"Behandlung von S\u00e4uglingen, Kindern und Erwachsenen\",\"publisher\":{\"@id\":\"https:\\\/\\\/osteopathie-oberhausen.com\\\/de\\\/#organization\"},\"potentialAction\":[{\"@type\":\"SearchAction\",\"target\":{\"@type\":\"EntryPoint\",\"urlTemplate\":\"https:\\\/\\\/osteopathie-oberhausen.com\\\/de\\\/?s={search_term_string}\"},\"query-input\":{\"@type\":\"PropertyValueSpecification\",\"valueRequired\":true,\"valueName\":\"search_term_string\"}}],\"inLanguage\":\"de\"},{\"@type\":\"Organization\",\"@id\":\"https:\\\/\\\/osteopathie-oberhausen.com\\\/de\\\/#organization\",\"name\":\"Miriam Dierich \u23a5 Heilpraktikerin\",\"url\":\"https:\\\/\\\/osteopathie-oberhausen.com\\\/de\\\/\",\"logo\":{\"@type\":\"ImageObject\",\"inLanguage\":\"de\",\"@id\":\"https:\\\/\\\/osteopathie-oberhausen.com\\\/de\\\/#\\\/schema\\\/logo\\\/image\\\/\",\"url\":\"https:\\\/\\\/osteopathie-oberhausen.com\\\/de\\\/wp-content\\\/uploads\\\/logo.svg\",\"contentUrl\":\"https:\\\/\\\/osteopathie-oberhausen.com\\\/de\\\/wp-content\\\/uploads\\\/logo.svg\",\"width\":245,\"height\":71,\"caption\":\"Miriam Dierich \u23a5 Heilpraktikerin\"},\"image\":{\"@id\":\"https:\\\/\\\/osteopathie-oberhausen.com\\\/de\\\/#\\\/schema\\\/logo\\\/image\\\/\"}}]}<\/script>\n<!-- \/ Yoast SEO plugin. -->","yoast_head_json":{"title":"ABLAUF - Osteopathie Oberhausen","robots":{"index":"index","follow":"follow","max-snippet":"max-snippet:-1","max-image-preview":"max-image-preview:large","max-video-preview":"max-video-preview:-1"},"canonical":"https:\/\/osteopathie-oberhausen.com\/de\/ablauf\/","og_locale":"de_DE","og_type":"article","og_title":"ABLAUF - Osteopathie Oberhausen","og_description":"ABLAUF","og_url":"https:\/\/osteopathie-oberhausen.com\/de\/ablauf\/","og_site_name":"Osteopathie Oberhausen","article_modified_time":"2023-04-01T15:47:51+00:00","og_image":[{"url":"https:\/\/osteopathie-oberhausen.com\/de\/wp-content\/uploads\/AdobeStock_106722923.jpg","type":"","width":"","height":""}],"twitter_card":"summary_large_image","twitter_misc":{"Gesch\u00e4tzte Lesezeit":"2\u00a0Minuten"},"schema":{"@context":"https:\/\/schema.org","@graph":[{"@type":"WebPage","@id":"https:\/\/osteopathie-oberhausen.com\/de\/ablauf\/","url":"https:\/\/osteopathie-oberhausen.com\/de\/ablauf\/","name":"ABLAUF - Osteopathie Oberhausen","isPartOf":{"@id":"https:\/\/osteopathie-oberhausen.com\/de\/#website"},"primaryImageOfPage":{"@id":"https:\/\/osteopathie-oberhausen.com\/de\/ablauf\/#primaryimage"},"image":{"@id":"https:\/\/osteopathie-oberhausen.com\/de\/ablauf\/#primaryimage"},"thumbnailUrl":"https:\/\/osteopathie-oberhausen.com\/de\/wp-content\/uploads\/AdobeStock_106722923.jpg","datePublished":"2020-09-24T12:37:53+00:00","dateModified":"2023-04-01T15:47:51+00:00","breadcrumb":{"@id":"https:\/\/osteopathie-oberhausen.com\/de\/ablauf\/#breadcrumb"},"inLanguage":"de","potentialAction":[{"@type":"ReadAction","target":["https:\/\/osteopathie-oberhausen.com\/de\/ablauf\/"]}]},{"@type":"ImageObject","inLanguage":"de","@id":"https:\/\/osteopathie-oberhausen.com\/de\/ablauf\/#primaryimage","url":"https:\/\/osteopathie-oberhausen.com\/de\/wp-content\/uploads\/AdobeStock_106722923.jpg","contentUrl":"https:\/\/osteopathie-oberhausen.com\/de\/wp-content\/uploads\/AdobeStock_106722923.jpg","width":2200,"height":1467},{"@type":"BreadcrumbList","@id":"https:\/\/osteopathie-oberhausen.com\/de\/ablauf\/#breadcrumb","itemListElement":[{"@type":"ListItem","position":1,"name":"Startseite","item":"https:\/\/osteopathie-oberhausen.com\/de\/"},{"@type":"ListItem","position":2,"name":"ABLAUF"}]},{"@type":"WebSite","@id":"https:\/\/osteopathie-oberhausen.com\/de\/#website","url":"https:\/\/osteopathie-oberhausen.com\/de\/","name":"Osteopathie Oberhausen","description":"Behandlung von S\u00e4uglingen, Kindern und Erwachsenen","publisher":{"@id":"https:\/\/osteopathie-oberhausen.com\/de\/#organization"},"potentialAction":[{"@type":"SearchAction","target":{"@type":"EntryPoint","urlTemplate":"https:\/\/osteopathie-oberhausen.com\/de\/?s={search_term_string}"},"query-input":{"@type":"PropertyValueSpecification","valueRequired":true,"valueName":"search_term_string"}}],"inLanguage":"de"},{"@type":"Organization","@id":"https:\/\/osteopathie-oberhausen.com\/de\/#organization","name":"Miriam Dierich \u23a5 Heilpraktikerin","url":"https:\/\/osteopathie-oberhausen.com\/de\/","logo":{"@type":"ImageObject","inLanguage":"de","@id":"https:\/\/osteopathie-oberhausen.com\/de\/#\/schema\/logo\/image\/","url":"https:\/\/osteopathie-oberhausen.com\/de\/wp-content\/uploads\/logo.svg","contentUrl":"https:\/\/osteopathie-oberhausen.com\/de\/wp-content\/uploads\/logo.svg","width":245,"height":71,"caption":"Miriam Dierich \u23a5 Heilpraktikerin"},"image":{"@id":"https:\/\/osteopathie-oberhausen.com\/de\/#\/schema\/logo\/image\/"}}]}},"_links":{"self":[{"href":"https:\/\/osteopathie-oberhausen.com\/de\/wp-json\/wp\/v2\/pages\/14","targetHints":{"allow":["GET"]}}],"collection":[{"href":"https:\/\/osteopathie-oberhausen.com\/de\/wp-json\/wp\/v2\/pages"}],"about":[{"href":"https:\/\/osteopathie-oberhausen.com\/de\/wp-json\/wp\/v2\/types\/page"}],"author":[{"embeddable":true,"href":"https:\/\/osteopathie-oberhausen.com\/de\/wp-json\/wp\/v2\/users\/1"}],"replies":[{"embeddable":true,"href":"https:\/\/osteopathie-oberhausen.com\/de\/wp-json\/wp\/v2\/comments?post=14"}],"version-history":[{"count":1,"href":"https:\/\/osteopathie-oberhausen.com\/de\/wp-json\/wp\/v2\/pages\/14\/revisions"}],"predecessor-version":[{"id":246,"href":"https:\/\/osteopathie-oberhausen.com\/de\/wp-json\/wp\/v2\/pages\/14\/revisions\/246"}],"wp:attachment":[{"href":"https:\/\/osteopathie-oberhausen.com\/de\/wp-json\/wp\/v2\/media?parent=14"}],"curies":[{"name":"wp","href":"https:\/\/api.w.org\/{rel}","templated":true}]}}