{"id":18,"date":"2020-09-24T14:38:32","date_gmt":"2020-09-24T12:38:32","guid":{"rendered":"http:\/\/farbmeer.de\/dierich\/?page_id=18"},"modified":"2022-11-18T09:32:57","modified_gmt":"2022-11-18T08:32:57","slug":"impressum","status":"publish","type":"page","link":"https:\/\/osteopathie-oberhausen.com\/de\/impressum\/","title":{"rendered":"IMPRESSUM"},"content":{"rendered":"<div id=\"pl-18\"  class=\"panel-layout\" ><div id=\"pg-18-0\"  class=\"panel-grid panel-has-style\" ><div class=\"panel-widget-style panel-row-style panel-row-style-for-18-0\" ><div id=\"pgc-18-0-0\"  class=\"panel-grid-cell\" ><div id=\"panel-18-0-0-0\" class=\"so-panel widget widget_sow-editor panel-first-child panel-last-child\" data-index=\"0\" ><div\n\t\t\t\n\t\t\tclass=\"so-widget-sow-editor so-widget-sow-editor-base\"\n\t\t\t\n\t\t>\n<div class=\"siteorigin-widget-tinymce textwidget\">\n\t<h1>IMPRESSUM<\/h1>\n<\/div>\n<\/div><\/div><\/div><\/div><\/div><div id=\"pg-18-1\"  class=\"panel-grid panel-has-style\" ><div class=\"panel-widget-style panel-row-style panel-row-style-for-18-1\" ><div id=\"pgc-18-1-0\"  class=\"panel-grid-cell\" ><div id=\"panel-18-1-0-0\" class=\"so-panel widget widget_sow-editor panel-first-child\" data-index=\"1\" ><div\n\t\t\t\n\t\t\tclass=\"so-widget-sow-editor so-widget-sow-editor-base\"\n\t\t\t\n\t\t>\n<div class=\"siteorigin-widget-tinymce textwidget\">\n\t<p>Angaben gem\u00e4\u00df \u00a7 5 TMG:<\/p>\n<h4>Praxisinhaber: Miriam Dierich<\/h4>\n<p>Name der Praxis: Die Praxis f\u00fcr Osteopathie im Erlengrund<br \/>\nStra\u00dfe: Im Erlengrund 3a<br \/>\nPLZ\/ Ort: 46149 Oberhausen<\/p>\n<p>Tel: 0208\/ 627110<br \/>\nE- Mail: <a href=\"mailto:info@osteopathie-oberhausen.com\">info@osteopathie-oberhausen.com<\/a><\/p>\n<\/div>\n<\/div><\/div><div id=\"panel-18-1-0-1\" class=\"so-panel widget widget_sow-editor panel-last-child\" data-index=\"2\" ><div\n\t\t\t\n\t\t\tclass=\"so-widget-sow-editor so-widget-sow-editor-base\"\n\t\t\t\n\t\t>\n<div class=\"siteorigin-widget-tinymce textwidget\">\n\t<h4>Berufsbezeichnung und Aufsichtsbeh\u00f6rde<\/h4>\n<p>Berufsbezeichnung: Heilpraktiker, verliehen durch das Gesundheitsamt Krefeld (2018)<\/p>\n<p>Die zust\u00e4ndige Aufsichtsbeh\u00f6rde ist der \u201est\u00e4dtische Bereich Gesundheit\u201c der Stadt Oberhausen.<\/p>\n<p>Weitere gesetzliche Berufsbezeichnung: Physiotherapeutin (verliehen in der BRD), Pr\u00fcfungsurkunde ausgestellt am 12.10.2012 von der Stadt Duisburg<\/p>\n<\/div>\n<\/div><\/div><\/div><div id=\"pgc-18-1-1\"  class=\"panel-grid-cell\" ><div id=\"panel-18-1-1-0\" class=\"so-panel widget widget_sow-editor panel-first-child panel-last-child\" data-index=\"3\" ><div\n\t\t\t\n\t\t\tclass=\"so-widget-sow-editor so-widget-sow-editor-base\"\n\t\t\t\n\t\t>\n<div class=\"siteorigin-widget-tinymce textwidget\">\n\t<h4>Erg\u00e4nzende Angaben<\/h4>\n<p>Berufsverbandsmitgliedschaft: Bund deutscher Heilpraktiker BDH e.V.<\/p>\n<p>Mitgliedsnummer Berufsverband: 108697<\/p>\n<p>Rechtsgrundlagen: Gesetz \u00fcber die berufsm\u00e4\u00dfige Aus\u00fcbung der Heilkunde ohne Bestallung (BGBL III 2122-2-1)<br \/>\n<a href=\"https:\/\/www.gesetze-im-internet.de\/heilprg\/BJNR002510939.html\" target=\"_blank\" rel=\"noopener noreferrer\">https:\/\/www.gesetze-im-internet.de\/heilprg\/BJNR002510939.html<\/a><\/p>\n<p>Berufsrechtliche Regelung: BOH (Berufsordnung f\u00fcr Heilpraktiker)<br \/>\n<a href=\"https:\/\/www.bdh-online.de\/wp-content\/uploads\/2015\/08\/Berufsordnung-Heilpraktiker_2015_210x297_20150814.pdf\" target=\"_blank\" rel=\"noopener noreferrer\">https:\/\/www.bdh-online.de\/wp-content\/uploads\/2015\/08\/ Berufsordnung-Heilpraktiker_2015_210x297_20150814.pdf<\/a><\/p>\n<h4><div class=\"kad-spacer clearfix\" style=\"height:20px\"><\/div><\/h4>\n<h4>Streitschlichtung<\/h4>\n<p>Wir sind nicht bereit oder verpflichtet, an Streitbeilegungsverfahren vor einer Verbraucherschlichtungsstelle teilzunehmen.<\/p>\n<p>&nbsp;<\/p>\n<\/div>\n<\/div><\/div><\/div><\/div><\/div><div id=\"pg-18-2\"  class=\"panel-grid panel-no-style\" ><div id=\"pgc-18-2-0\"  class=\"panel-grid-cell\" ><div id=\"panel-18-2-0-0\" class=\"so-panel widget widget_sow-editor panel-first-child panel-last-child\" data-index=\"4\" ><div\n\t\t\t\n\t\t\tclass=\"so-widget-sow-editor so-widget-sow-editor-base\"\n\t\t\t\n\t\t>\n<div class=\"siteorigin-widget-tinymce textwidget\">\n\t<hr \/>\n<div class=\"kad-spacer clearfix\" style=\"height:10px\"><\/div>\n<h4>Webdesign und Programmierung<\/h4>\n<p>farbmeer<\/p>\n<p>Kolpingstra\u00dfe 40<br \/>\n46483 Wesel<\/p>\n<p>Email: <a href=\"mailto:info@farbmeer.de\">info@farbmeer.de<\/a><\/p>\n<div class=\"kad-spacer clearfix\" style=\"height:10px\"><\/div>\n<hr \/>\n<div class=\"kad-spacer clearfix\" style=\"height:10px\"><\/div>\n<h4>Bildnachweise<\/h4>\n<p><em>\u00a9 Karel Noppe \u2013 stock.adobe.com<\/em><\/p>\n<p><em>\u00a9 Kristin Gr\u00fcndler \u2013 stock.adobe.com<\/em><\/p>\n<p><em>\u00a9 javiindy \u2013 stock.adobe.com<\/em><\/p>\n<div class=\"kad-spacer clearfix\" style=\"height:10px\"><\/div>\n<hr \/>\n<div class=\"kad-spacer clearfix\" style=\"height:10px\"><\/div>\n<h2>Haftungsausschluss\/ Haftungshinweise<\/h2>\n<h5><\/h5>\n<h5>Haftung f\u00fcr Inhalte<\/h5>\n<p>Die Inhalte unserer Seite wurden mit gr\u00f6\u00dfter Sorgfalt erstellt.<\/p>\n<p>Als Diensteanbieter sind wir gem\u00e4\u00df \u00a7 7 Abs.1 TMG f\u00fcr eigene Inhalte auf diesen Seiten nach den allgemeinen Gesetzen verantwortlich. Nach \u00a7\u00a7 8 bis 10 TMG sind wir als Diensteanbieter jedoch nicht verpflichtet, \u00fcbermittelte oder gespeicherte fremde Informationen zu \u00fcberwachen oder nach Umst\u00e4nden zu forschen, die auf eine rechtswidrige T\u00e4tigkeit hinweisen.<\/p>\n<p>Verpflichtungen zur Entfernung oder Sperrung der Nutzung von Informationen nach den allgemeinen Gesetzen bleiben hiervon unber\u00fchrt. Eine diesbez\u00fcgliche Haftung ist jedoch erst ab dem Zeitpunkt der Kenntnis einer konkreten Rechtsverletzung m\u00f6glich. Bei Bekanntwerden von entsprechenden Rechtsverletzungen werden wir diese Inhalte umgehend entfernen.<\/p>\n<p>&nbsp;<\/p>\n<h5>Datenschutz<\/h5>\n<p>Die Nutzung unserer Webseite ist in der Regel ohne Angabe personenbezogener Daten m\u00f6glich.<\/p>\n<p>Wir weisen darauf hin, dass die Daten\u00fcbertragung im Internet (z.B. bei der Kommunikation per E-Mail) Sicherheitsl\u00fccken aufweisen kann. Ein l\u00fcckenloser Schutz der Daten vor dem Zugriff durch Dritte ist nicht m\u00f6glich.<\/p>\n<p>Der Nutzung von im Rahmen der Impressumspflicht ver\u00f6ffentlichten Kontaktdaten durch Dritte zur \u00dcbersendung von nicht ausdr\u00fccklich angeforderter Werbung und Informationsmaterialien wird hiermit ausdr\u00fccklich widersprochen. Die Betreiber der Seiten behalten sich ausdr\u00fccklich rechtliche Schritte im Falle der unverlangten Zusendung von Werbeinformationen, etwa durch Spam-Mails, vor.<\/p>\n<p>&nbsp;<\/p>\n<h5>Urheberrecht<\/h5>\n<p>Die durch die Seitenbetreiber erstellten Inhalte und Werke auf diesen Seiten unterliegen dem deutschen Urheberrecht. Die Vervielf\u00e4ltigung, Bearbeitung, Verbreitung und jede Art der Verwertung au\u00dferhalb der Grenzen des Urheberrechtes bed\u00fcrfen der schriftlichen Zustimmung des jeweiligen Autors bzw. Erstellers. Downloads und Kopien dieser Seite sind nur f\u00fcr den privaten, nicht kommerziellen Gebrauch gestattet. Soweit die Inhalte auf dieser Seite nicht vom Betreiber erstellt wurden, werden die Urheberrechte Dritter beachtet. Insbesondere werden Inhalte Dritter als solche gekennzeichnet. Sollten Sie trotzdem auf eine Urheberrechtsverletzung aufmerksam werden, bitten wir um einen entsprechenden Hinweis. Bei Bekanntwerden von Rechtsverletzungen werden wir derartige Inhalte umgehend entfernen.<\/p>\n<p>&nbsp;<\/p>\n<h5>Haftung f\u00fcr Links<span class=\"Apple-converted-space\">\u00a0<\/span><\/h5>\n<p>Unser Angebot enth\u00e4lt Links zu externen Webseiten Dritter, auf deren Inhalte wir keinen Einfluss haben. Deshalb k\u00f6nnen wir f\u00fcr diese fremden Inhalte auch keine Gew\u00e4hr \u00fcbernehmen. F\u00fcr die Inhalte der verlinkten Seiten ist stets der jeweilige Anbieter oder Betreiber der Seiten verantwortlich. Die verlinkten Seiten wurden zum Zeitpunkt der Verlinkung auf m\u00f6gliche Rechtsverst\u00f6\u00dfe \u00fcberpr\u00fcft. Rechtswidrige Inhalte waren zum Zeitpunkt der Verlinkung nicht erkennbar. Eine permanente inhaltliche Kontrolle der verlinkten Seiten ist jedoch ohne konkrete Anhaltspunkte einer Rechtsverletzung nicht zumutbar. Bei Bekanntwerden von Rechtsverletzungen werden wir derartige Links umgehend entfernen.<\/p>\n<\/div>\n<\/div><\/div><\/div><\/div><div id=\"pg-18-3\"  class=\"panel-grid panel-no-style\" ><div id=\"pgc-18-3-0\"  class=\"panel-grid-cell panel-grid-cell-empty\" ><\/div><\/div><\/div>","protected":false},"excerpt":{"rendered":"<p>IMPRESSUM Angaben gem\u00e4\u00df \u00a7 5 TMG: Praxisinhaber: Miriam Dierich Name der Praxis: Die Praxis f\u00fcr Osteopathie im Erlengrund Stra\u00dfe: Im Erlengrund 3a PLZ\/ Ort: 46149 Oberhausen Tel: 0208\/ 627110 E- Mail: info@osteopathie-oberhausen.com Berufsbezeichnung und Aufsichtsbeh\u00f6rde Berufsbezeichnung: Heilpraktiker, verliehen durch das &hellip; <a href=\"https:\/\/osteopathie-oberhausen.com\/de\/impressum\/\">Weiterlesen<\/a><\/p>\n","protected":false},"author":1,"featured_media":0,"parent":0,"menu_order":0,"comment_status":"closed","ping_status":"closed","template":"","meta":{"footnotes":""},"class_list":["post-18","page","type-page","status-publish","hentry"],"yoast_head":"<!-- This site is optimized with the Yoast SEO plugin v27.4 - https:\/\/yoast.com\/product\/yoast-seo-wordpress\/ -->\n<title>IMPRESSUM - Osteopathie Oberhausen<\/title>\n<meta name=\"robots\" content=\"index, follow, max-snippet:-1, max-image-preview:large, max-video-preview:-1\" \/>\n<link rel=\"canonical\" href=\"https:\/\/osteopathie-oberhausen.com\/de\/impressum\/\" \/>\n<meta property=\"og:locale\" content=\"de_DE\" \/>\n<meta property=\"og:type\" content=\"article\" \/>\n<meta property=\"og:title\" content=\"IMPRESSUM - Osteopathie Oberhausen\" \/>\n<meta property=\"og:description\" content=\"IMPRESSUM Angaben gem\u00e4\u00df \u00a7 5 TMG: Praxisinhaber: Miriam Dierich Name der Praxis: Die Praxis f\u00fcr Osteopathie im Erlengrund Stra\u00dfe: Im Erlengrund 3a PLZ\/ Ort: 46149 Oberhausen Tel: 0208\/ 627110 E- Mail: info@osteopathie-oberhausen.com Berufsbezeichnung und Aufsichtsbeh\u00f6rde Berufsbezeichnung: Heilpraktiker, verliehen durch das &hellip; Weiterlesen\" \/>\n<meta property=\"og:url\" content=\"https:\/\/osteopathie-oberhausen.com\/de\/impressum\/\" \/>\n<meta property=\"og:site_name\" content=\"Osteopathie Oberhausen\" \/>\n<meta property=\"article:modified_time\" content=\"2022-11-18T08:32:57+00:00\" \/>\n<meta name=\"twitter:card\" content=\"summary_large_image\" \/>\n<meta name=\"twitter:label1\" content=\"Gesch\u00e4tzte Lesezeit\" \/>\n\t<meta name=\"twitter:data1\" content=\"3\u00a0Minuten\" \/>\n<script type=\"application\/ld+json\" class=\"yoast-schema-graph\">{\"@context\":\"https:\\\/\\\/schema.org\",\"@graph\":[{\"@type\":\"WebPage\",\"@id\":\"https:\\\/\\\/osteopathie-oberhausen.com\\\/de\\\/impressum\\\/\",\"url\":\"https:\\\/\\\/osteopathie-oberhausen.com\\\/de\\\/impressum\\\/\",\"name\":\"IMPRESSUM - Osteopathie Oberhausen\",\"isPartOf\":{\"@id\":\"https:\\\/\\\/osteopathie-oberhausen.com\\\/de\\\/#website\"},\"datePublished\":\"2020-09-24T12:38:32+00:00\",\"dateModified\":\"2022-11-18T08:32:57+00:00\",\"breadcrumb\":{\"@id\":\"https:\\\/\\\/osteopathie-oberhausen.com\\\/de\\\/impressum\\\/#breadcrumb\"},\"inLanguage\":\"de\",\"potentialAction\":[{\"@type\":\"ReadAction\",\"target\":[\"https:\\\/\\\/osteopathie-oberhausen.com\\\/de\\\/impressum\\\/\"]}]},{\"@type\":\"BreadcrumbList\",\"@id\":\"https:\\\/\\\/osteopathie-oberhausen.com\\\/de\\\/impressum\\\/#breadcrumb\",\"itemListElement\":[{\"@type\":\"ListItem\",\"position\":1,\"name\":\"Startseite\",\"item\":\"https:\\\/\\\/osteopathie-oberhausen.com\\\/de\\\/\"},{\"@type\":\"ListItem\",\"position\":2,\"name\":\"IMPRESSUM\"}]},{\"@type\":\"WebSite\",\"@id\":\"https:\\\/\\\/osteopathie-oberhausen.com\\\/de\\\/#website\",\"url\":\"https:\\\/\\\/osteopathie-oberhausen.com\\\/de\\\/\",\"name\":\"Osteopathie Oberhausen\",\"description\":\"Behandlung von S\u00e4uglingen, Kindern und Erwachsenen\",\"publisher\":{\"@id\":\"https:\\\/\\\/osteopathie-oberhausen.com\\\/de\\\/#organization\"},\"potentialAction\":[{\"@type\":\"SearchAction\",\"target\":{\"@type\":\"EntryPoint\",\"urlTemplate\":\"https:\\\/\\\/osteopathie-oberhausen.com\\\/de\\\/?s={search_term_string}\"},\"query-input\":{\"@type\":\"PropertyValueSpecification\",\"valueRequired\":true,\"valueName\":\"search_term_string\"}}],\"inLanguage\":\"de\"},{\"@type\":\"Organization\",\"@id\":\"https:\\\/\\\/osteopathie-oberhausen.com\\\/de\\\/#organization\",\"name\":\"Miriam Dierich \u23a5 Heilpraktikerin\",\"url\":\"https:\\\/\\\/osteopathie-oberhausen.com\\\/de\\\/\",\"logo\":{\"@type\":\"ImageObject\",\"inLanguage\":\"de\",\"@id\":\"https:\\\/\\\/osteopathie-oberhausen.com\\\/de\\\/#\\\/schema\\\/logo\\\/image\\\/\",\"url\":\"https:\\\/\\\/osteopathie-oberhausen.com\\\/de\\\/wp-content\\\/uploads\\\/logo.svg\",\"contentUrl\":\"https:\\\/\\\/osteopathie-oberhausen.com\\\/de\\\/wp-content\\\/uploads\\\/logo.svg\",\"width\":245,\"height\":71,\"caption\":\"Miriam Dierich \u23a5 Heilpraktikerin\"},\"image\":{\"@id\":\"https:\\\/\\\/osteopathie-oberhausen.com\\\/de\\\/#\\\/schema\\\/logo\\\/image\\\/\"}}]}<\/script>\n<!-- \/ Yoast SEO plugin. -->","yoast_head_json":{"title":"IMPRESSUM - Osteopathie Oberhausen","robots":{"index":"index","follow":"follow","max-snippet":"max-snippet:-1","max-image-preview":"max-image-preview:large","max-video-preview":"max-video-preview:-1"},"canonical":"https:\/\/osteopathie-oberhausen.com\/de\/impressum\/","og_locale":"de_DE","og_type":"article","og_title":"IMPRESSUM - Osteopathie Oberhausen","og_description":"IMPRESSUM Angaben gem\u00e4\u00df \u00a7 5 TMG: Praxisinhaber: Miriam Dierich Name der Praxis: Die Praxis f\u00fcr Osteopathie im Erlengrund Stra\u00dfe: Im Erlengrund 3a PLZ\/ Ort: 46149 Oberhausen Tel: 0208\/ 627110 E- Mail: info@osteopathie-oberhausen.com Berufsbezeichnung und Aufsichtsbeh\u00f6rde Berufsbezeichnung: Heilpraktiker, verliehen durch das &hellip; Weiterlesen","og_url":"https:\/\/osteopathie-oberhausen.com\/de\/impressum\/","og_site_name":"Osteopathie Oberhausen","article_modified_time":"2022-11-18T08:32:57+00:00","twitter_card":"summary_large_image","twitter_misc":{"Gesch\u00e4tzte Lesezeit":"3\u00a0Minuten"},"schema":{"@context":"https:\/\/schema.org","@graph":[{"@type":"WebPage","@id":"https:\/\/osteopathie-oberhausen.com\/de\/impressum\/","url":"https:\/\/osteopathie-oberhausen.com\/de\/impressum\/","name":"IMPRESSUM - Osteopathie Oberhausen","isPartOf":{"@id":"https:\/\/osteopathie-oberhausen.com\/de\/#website"},"datePublished":"2020-09-24T12:38:32+00:00","dateModified":"2022-11-18T08:32:57+00:00","breadcrumb":{"@id":"https:\/\/osteopathie-oberhausen.com\/de\/impressum\/#breadcrumb"},"inLanguage":"de","potentialAction":[{"@type":"ReadAction","target":["https:\/\/osteopathie-oberhausen.com\/de\/impressum\/"]}]},{"@type":"BreadcrumbList","@id":"https:\/\/osteopathie-oberhausen.com\/de\/impressum\/#breadcrumb","itemListElement":[{"@type":"ListItem","position":1,"name":"Startseite","item":"https:\/\/osteopathie-oberhausen.com\/de\/"},{"@type":"ListItem","position":2,"name":"IMPRESSUM"}]},{"@type":"WebSite","@id":"https:\/\/osteopathie-oberhausen.com\/de\/#website","url":"https:\/\/osteopathie-oberhausen.com\/de\/","name":"Osteopathie Oberhausen","description":"Behandlung von S\u00e4uglingen, Kindern und Erwachsenen","publisher":{"@id":"https:\/\/osteopathie-oberhausen.com\/de\/#organization"},"potentialAction":[{"@type":"SearchAction","target":{"@type":"EntryPoint","urlTemplate":"https:\/\/osteopathie-oberhausen.com\/de\/?s={search_term_string}"},"query-input":{"@type":"PropertyValueSpecification","valueRequired":true,"valueName":"search_term_string"}}],"inLanguage":"de"},{"@type":"Organization","@id":"https:\/\/osteopathie-oberhausen.com\/de\/#organization","name":"Miriam Dierich \u23a5 Heilpraktikerin","url":"https:\/\/osteopathie-oberhausen.com\/de\/","logo":{"@type":"ImageObject","inLanguage":"de","@id":"https:\/\/osteopathie-oberhausen.com\/de\/#\/schema\/logo\/image\/","url":"https:\/\/osteopathie-oberhausen.com\/de\/wp-content\/uploads\/logo.svg","contentUrl":"https:\/\/osteopathie-oberhausen.com\/de\/wp-content\/uploads\/logo.svg","width":245,"height":71,"caption":"Miriam Dierich \u23a5 Heilpraktikerin"},"image":{"@id":"https:\/\/osteopathie-oberhausen.com\/de\/#\/schema\/logo\/image\/"}}]}},"_links":{"self":[{"href":"https:\/\/osteopathie-oberhausen.com\/de\/wp-json\/wp\/v2\/pages\/18","targetHints":{"allow":["GET"]}}],"collection":[{"href":"https:\/\/osteopathie-oberhausen.com\/de\/wp-json\/wp\/v2\/pages"}],"about":[{"href":"https:\/\/osteopathie-oberhausen.com\/de\/wp-json\/wp\/v2\/types\/page"}],"author":[{"embeddable":true,"href":"https:\/\/osteopathie-oberhausen.com\/de\/wp-json\/wp\/v2\/users\/1"}],"replies":[{"embeddable":true,"href":"https:\/\/osteopathie-oberhausen.com\/de\/wp-json\/wp\/v2\/comments?post=18"}],"version-history":[{"count":2,"href":"https:\/\/osteopathie-oberhausen.com\/de\/wp-json\/wp\/v2\/pages\/18\/revisions"}],"predecessor-version":[{"id":240,"href":"https:\/\/osteopathie-oberhausen.com\/de\/wp-json\/wp\/v2\/pages\/18\/revisions\/240"}],"wp:attachment":[{"href":"https:\/\/osteopathie-oberhausen.com\/de\/wp-json\/wp\/v2\/media?parent=18"}],"curies":[{"name":"wp","href":"https:\/\/api.w.org\/{rel}","templated":true}]}}