{"id":210,"date":"2020-09-24T14:32:12","date_gmt":"2020-09-24T12:32:12","guid":{"rendered":"http:\/\/farbmeer.de\/dierich\/?page_id=5"},"modified":"2020-09-24T14:32:12","modified_gmt":"2020-09-24T12:32:12","slug":"home","status":"publish","type":"page","link":"https:\/\/osteopathie-oberhausen.com\/de\/","title":{"rendered":"HOME"},"content":{"rendered":"<div id=\"pl-210\"  class=\"panel-layout\" ><div id=\"pg-210-0\"  class=\"panel-grid panel-has-style\" ><div class=\"panel-widget-style panel-row-style panel-row-style-for-210-0\" ><div id=\"pgc-210-0-0\"  class=\"panel-grid-cell\" ><div id=\"panel-210-0-0-0\" class=\"so-panel widget widget_sow-editor panel-first-child panel-last-child\" data-index=\"0\" ><div\n\t\t\t\n\t\t\tclass=\"so-widget-sow-editor so-widget-sow-editor-base\"\n\t\t\t\n\t\t>\n<div class=\"siteorigin-widget-tinymce textwidget\">\n\t<h1>Willkommen in der Praxis f\u00fcr Osteopathie im Erlengrund- Ihrer Praxis in Oberhausen und Umgebung<\/h1>\n<p>Therapeutischer Schwerpunkt der Praxis ist die Osteopathie an S\u00e4uglingen, Kindern und Erwachsenen.<span class=\"Apple-converted-space\">\u00a0<\/span><\/p>\n<p>Dabei handelt es sich um eine ganzheitliche, eigenst\u00e4ndige Form der Medizin, in der Diagnostik und Behandlung mit den H\u00e4nden erfolgen. Die Osteopathie besch\u00e4ftigt sich mit<span class=\"Apple-converted-space\">\u00a0 <\/span>Funktionsst\u00f6rungen im K\u00f6rper. Dazu z\u00e4hlen neben Beschwerden im Bewegungsapparat auch sogenannte funktionelle St\u00f6rungen in anderen Organsystemen.<span class=\"Apple-converted-space\">\u00a0<\/span><\/p>\n<p>Der Therapeut wendet sanfte manuelle Techniken an, um Blockaden oder Einschr\u00e4nkungen zu ertasten und zu behandeln. Im Vordergrund steht das Verstehen von K\u00f6rperreaktionen und das Finden der Ursachen der Beschwerden.<span class=\"Apple-converted-space\">\u00a0<\/span><\/p>\n<p>Neben der klassischen Osteopathie flie\u00dfen weitere Diagnose- und Therapieans\u00e4tze in die Arbeit ein, um Ihnen eine bestm\u00f6gliche Versorgung zu gew\u00e4hrleisten.<span class=\"Apple-converted-space\">\u00a0<\/span><\/p>\n<p>Dazu z\u00e4hlen neben kinesiologischen Muskeltests auch physiotherapeutische Ans\u00e4tze und Techniken.<\/p>\n<\/div>\n<\/div><\/div><\/div><\/div><\/div><\/div>","protected":false},"excerpt":{"rendered":"<p>Willkommen in der Praxis f\u00fcr Osteopathie im Erlengrund- Ihrer Praxis in Oberhausen und Umgebung Therapeutischer Schwerpunkt der Praxis ist die Osteopathie an S\u00e4uglingen, Kindern und Erwachsenen.\u00a0 Dabei handelt es sich um eine ganzheitliche, eigenst\u00e4ndige Form der Medizin, in der Diagnostik &hellip; <a href=\"https:\/\/osteopathie-oberhausen.com\/de\/\">Weiterlesen<\/a><\/p>\n","protected":false},"author":1,"featured_media":0,"parent":0,"menu_order":0,"comment_status":"closed","ping_status":"closed","template":"","meta":{"footnotes":""},"class_list":["post-210","page","type-page","status-publish","hentry"],"yoast_head":"<!-- This site is optimized with the Yoast SEO plugin v27.4 - https:\/\/yoast.com\/product\/yoast-seo-wordpress\/ -->\n<title>HOME - Osteopathie Oberhausen<\/title>\n<meta name=\"robots\" content=\"index, follow, max-snippet:-1, max-image-preview:large, max-video-preview:-1\" \/>\n<link rel=\"canonical\" href=\"https:\/\/osteopathie-oberhausen.com\/de\/\" \/>\n<meta property=\"og:locale\" content=\"de_DE\" \/>\n<meta property=\"og:type\" content=\"article\" \/>\n<meta property=\"og:title\" content=\"HOME - Osteopathie Oberhausen\" \/>\n<meta property=\"og:description\" content=\"Willkommen in der Praxis f\u00fcr Osteopathie im Erlengrund- Ihrer Praxis in Oberhausen und Umgebung Therapeutischer Schwerpunkt der Praxis ist die Osteopathie an S\u00e4uglingen, Kindern und Erwachsenen.\u00a0 Dabei handelt es sich um eine ganzheitliche, eigenst\u00e4ndige Form der Medizin, in der Diagnostik &hellip; Weiterlesen\" \/>\n<meta property=\"og:url\" content=\"https:\/\/osteopathie-oberhausen.com\/de\/\" \/>\n<meta property=\"og:site_name\" content=\"Osteopathie Oberhausen\" \/>\n<meta name=\"twitter:card\" content=\"summary_large_image\" \/>\n<meta name=\"twitter:label1\" content=\"Gesch\u00e4tzte Lesezeit\" \/>\n\t<meta name=\"twitter:data1\" content=\"1\u00a0Minute\" \/>\n<script type=\"application\/ld+json\" class=\"yoast-schema-graph\">{\"@context\":\"https:\\\/\\\/schema.org\",\"@graph\":[{\"@type\":\"WebPage\",\"@id\":\"https:\\\/\\\/osteopathie-oberhausen.com\\\/de\\\/\",\"url\":\"https:\\\/\\\/osteopathie-oberhausen.com\\\/de\\\/\",\"name\":\"HOME - Osteopathie Oberhausen\",\"isPartOf\":{\"@id\":\"https:\\\/\\\/osteopathie-oberhausen.com\\\/de\\\/#website\"},\"datePublished\":\"2020-09-24T12:32:12+00:00\",\"breadcrumb\":{\"@id\":\"https:\\\/\\\/osteopathie-oberhausen.com\\\/de\\\/#breadcrumb\"},\"inLanguage\":\"de\",\"potentialAction\":[{\"@type\":\"ReadAction\",\"target\":[\"https:\\\/\\\/osteopathie-oberhausen.com\\\/de\\\/\"]}]},{\"@type\":\"BreadcrumbList\",\"@id\":\"https:\\\/\\\/osteopathie-oberhausen.com\\\/de\\\/#breadcrumb\",\"itemListElement\":[{\"@type\":\"ListItem\",\"position\":1,\"name\":\"Startseite\",\"item\":\"https:\\\/\\\/osteopathie-oberhausen.com\\\/de\\\/\"},{\"@type\":\"ListItem\",\"position\":2,\"name\":\"HOME\"}]},{\"@type\":\"WebSite\",\"@id\":\"https:\\\/\\\/osteopathie-oberhausen.com\\\/de\\\/#website\",\"url\":\"https:\\\/\\\/osteopathie-oberhausen.com\\\/de\\\/\",\"name\":\"Osteopathie Oberhausen\",\"description\":\"Behandlung von S\u00e4uglingen, Kindern und Erwachsenen\",\"publisher\":{\"@id\":\"https:\\\/\\\/osteopathie-oberhausen.com\\\/de\\\/#organization\"},\"potentialAction\":[{\"@type\":\"SearchAction\",\"target\":{\"@type\":\"EntryPoint\",\"urlTemplate\":\"https:\\\/\\\/osteopathie-oberhausen.com\\\/de\\\/?s={search_term_string}\"},\"query-input\":{\"@type\":\"PropertyValueSpecification\",\"valueRequired\":true,\"valueName\":\"search_term_string\"}}],\"inLanguage\":\"de\"},{\"@type\":\"Organization\",\"@id\":\"https:\\\/\\\/osteopathie-oberhausen.com\\\/de\\\/#organization\",\"name\":\"Miriam Dierich \u23a5 Heilpraktikerin\",\"url\":\"https:\\\/\\\/osteopathie-oberhausen.com\\\/de\\\/\",\"logo\":{\"@type\":\"ImageObject\",\"inLanguage\":\"de\",\"@id\":\"https:\\\/\\\/osteopathie-oberhausen.com\\\/de\\\/#\\\/schema\\\/logo\\\/image\\\/\",\"url\":\"https:\\\/\\\/osteopathie-oberhausen.com\\\/de\\\/wp-content\\\/uploads\\\/logo.svg\",\"contentUrl\":\"https:\\\/\\\/osteopathie-oberhausen.com\\\/de\\\/wp-content\\\/uploads\\\/logo.svg\",\"width\":245,\"height\":71,\"caption\":\"Miriam Dierich \u23a5 Heilpraktikerin\"},\"image\":{\"@id\":\"https:\\\/\\\/osteopathie-oberhausen.com\\\/de\\\/#\\\/schema\\\/logo\\\/image\\\/\"}}]}<\/script>\n<!-- \/ Yoast SEO plugin. -->","yoast_head_json":{"title":"HOME - Osteopathie Oberhausen","robots":{"index":"index","follow":"follow","max-snippet":"max-snippet:-1","max-image-preview":"max-image-preview:large","max-video-preview":"max-video-preview:-1"},"canonical":"https:\/\/osteopathie-oberhausen.com\/de\/","og_locale":"de_DE","og_type":"article","og_title":"HOME - Osteopathie Oberhausen","og_description":"Willkommen in der Praxis f\u00fcr Osteopathie im Erlengrund- Ihrer Praxis in Oberhausen und Umgebung Therapeutischer Schwerpunkt der Praxis ist die Osteopathie an S\u00e4uglingen, Kindern und Erwachsenen.\u00a0 Dabei handelt es sich um eine ganzheitliche, eigenst\u00e4ndige Form der Medizin, in der Diagnostik &hellip; Weiterlesen","og_url":"https:\/\/osteopathie-oberhausen.com\/de\/","og_site_name":"Osteopathie Oberhausen","twitter_card":"summary_large_image","twitter_misc":{"Gesch\u00e4tzte Lesezeit":"1\u00a0Minute"},"schema":{"@context":"https:\/\/schema.org","@graph":[{"@type":"WebPage","@id":"https:\/\/osteopathie-oberhausen.com\/de\/","url":"https:\/\/osteopathie-oberhausen.com\/de\/","name":"HOME - Osteopathie Oberhausen","isPartOf":{"@id":"https:\/\/osteopathie-oberhausen.com\/de\/#website"},"datePublished":"2020-09-24T12:32:12+00:00","breadcrumb":{"@id":"https:\/\/osteopathie-oberhausen.com\/de\/#breadcrumb"},"inLanguage":"de","potentialAction":[{"@type":"ReadAction","target":["https:\/\/osteopathie-oberhausen.com\/de\/"]}]},{"@type":"BreadcrumbList","@id":"https:\/\/osteopathie-oberhausen.com\/de\/#breadcrumb","itemListElement":[{"@type":"ListItem","position":1,"name":"Startseite","item":"https:\/\/osteopathie-oberhausen.com\/de\/"},{"@type":"ListItem","position":2,"name":"HOME"}]},{"@type":"WebSite","@id":"https:\/\/osteopathie-oberhausen.com\/de\/#website","url":"https:\/\/osteopathie-oberhausen.com\/de\/","name":"Osteopathie Oberhausen","description":"Behandlung von S\u00e4uglingen, Kindern und Erwachsenen","publisher":{"@id":"https:\/\/osteopathie-oberhausen.com\/de\/#organization"},"potentialAction":[{"@type":"SearchAction","target":{"@type":"EntryPoint","urlTemplate":"https:\/\/osteopathie-oberhausen.com\/de\/?s={search_term_string}"},"query-input":{"@type":"PropertyValueSpecification","valueRequired":true,"valueName":"search_term_string"}}],"inLanguage":"de"},{"@type":"Organization","@id":"https:\/\/osteopathie-oberhausen.com\/de\/#organization","name":"Miriam Dierich \u23a5 Heilpraktikerin","url":"https:\/\/osteopathie-oberhausen.com\/de\/","logo":{"@type":"ImageObject","inLanguage":"de","@id":"https:\/\/osteopathie-oberhausen.com\/de\/#\/schema\/logo\/image\/","url":"https:\/\/osteopathie-oberhausen.com\/de\/wp-content\/uploads\/logo.svg","contentUrl":"https:\/\/osteopathie-oberhausen.com\/de\/wp-content\/uploads\/logo.svg","width":245,"height":71,"caption":"Miriam Dierich \u23a5 Heilpraktikerin"},"image":{"@id":"https:\/\/osteopathie-oberhausen.com\/de\/#\/schema\/logo\/image\/"}}]}},"_links":{"self":[{"href":"https:\/\/osteopathie-oberhausen.com\/de\/wp-json\/wp\/v2\/pages\/210","targetHints":{"allow":["GET"]}}],"collection":[{"href":"https:\/\/osteopathie-oberhausen.com\/de\/wp-json\/wp\/v2\/pages"}],"about":[{"href":"https:\/\/osteopathie-oberhausen.com\/de\/wp-json\/wp\/v2\/types\/page"}],"author":[{"embeddable":true,"href":"https:\/\/osteopathie-oberhausen.com\/de\/wp-json\/wp\/v2\/users\/1"}],"replies":[{"embeddable":true,"href":"https:\/\/osteopathie-oberhausen.com\/de\/wp-json\/wp\/v2\/comments?post=210"}],"version-history":[{"count":0,"href":"https:\/\/osteopathie-oberhausen.com\/de\/wp-json\/wp\/v2\/pages\/210\/revisions"}],"wp:attachment":[{"href":"https:\/\/osteopathie-oberhausen.com\/de\/wp-json\/wp\/v2\/media?parent=210"}],"curies":[{"name":"wp","href":"https:\/\/api.w.org\/{rel}","templated":true}]}}