{"id":8,"date":"2020-09-24T14:35:25","date_gmt":"2020-09-24T12:35:25","guid":{"rendered":"http:\/\/farbmeer.de\/dierich\/?page_id=8"},"modified":"2023-04-01T17:47:10","modified_gmt":"2023-04-01T15:47:10","slug":"ueber-mich","status":"publish","type":"page","link":"https:\/\/osteopathie-oberhausen.com\/de\/ueber-mich\/","title":{"rendered":"\u00dcBER MICH"},"content":{"rendered":"<div id=\"pl-8\"  class=\"panel-layout\" ><div id=\"pg-8-0\"  class=\"panel-grid panel-has-style\" ><div class=\"siteorigin-panels-stretch kt-no-vertical-gutter kt-panel-row-stretch panel-widget-style panel-row-style panel-row-style-for-8-0\" style=\"background-image: url(https:\/\/osteopathie-oberhausen.com\/de\/wp-content\/uploads\/uebermich_filter_2.jpg);background-size: cover;background-position: center center;visibility: hidden;\" data-stretch-type=\"full\" ><div id=\"pgc-8-0-0\"  class=\"panel-grid-cell panel-grid-cell-empty\" ><\/div><\/div><\/div><div id=\"pg-8-1\"  class=\"panel-grid panel-no-style\" ><div id=\"pgc-8-1-0\"  class=\"panel-grid-cell panel-grid-cell-mobile-last\" ><div id=\"panel-8-1-0-0\" class=\"so-panel widget widget_sow-editor panel-first-child panel-last-child\" data-index=\"0\" ><div class=\"panel-widget-style panel-widget-style-for-8-1-0-0\" ><div\n\t\t\t\n\t\t\tclass=\"so-widget-sow-editor so-widget-sow-editor-base\"\n\t\t\t\n\t\t>\n<div class=\"siteorigin-widget-tinymce textwidget\">\n\t<h1><span style=\"color: #ffffff;\">\u00dcBER MICH<\/span><\/h1>\n<\/div>\n<\/div><\/div><\/div><\/div><div id=\"pgc-8-1-1\"  class=\"panel-grid-cell panel-grid-cell-empty\" ><\/div><\/div><div id=\"pg-8-2\"  class=\"panel-grid panel-has-style\" ><div class=\"panel-widget-style panel-row-style panel-row-style-for-8-2\" ><div id=\"pgc-8-2-0\"  class=\"panel-grid-cell\" ><div id=\"panel-8-2-0-0\" class=\"so-panel widget widget_sow-editor panel-first-child panel-last-child\" data-index=\"1\" ><div class=\"panel-widget-style panel-widget-style-for-8-2-0-0\" ><div\n\t\t\t\n\t\t\tclass=\"so-widget-sow-editor so-widget-sow-editor-base\"\n\t\t\t\n\t\t>\n<div class=\"siteorigin-widget-tinymce textwidget\">\n\t<p><img loading=\"lazy\" decoding=\"async\" src=\"https:\/\/osteopathie-oberhausen.com\/de\/wp-content\/uploads\/selbst.jpg\" alt=\"\" width=\"1000\" height=\"810\" class=\"alignnone size-full wp-image-208\" srcset=\"https:\/\/osteopathie-oberhausen.com\/de\/wp-content\/uploads\/selbst.jpg 1000w, https:\/\/osteopathie-oberhausen.com\/de\/wp-content\/uploads\/selbst-300x243.jpg 300w, https:\/\/osteopathie-oberhausen.com\/de\/wp-content\/uploads\/selbst-768x622.jpg 768w\" sizes=\"auto, (max-width: 1000px) 100vw, 1000px\" \/><\/p>\n<\/div>\n<\/div><\/div><\/div><\/div><div id=\"pgc-8-2-1\"  class=\"panel-grid-cell\" ><div id=\"panel-8-2-1-0\" class=\"so-panel widget widget_sow-editor panel-first-child panel-last-child\" data-index=\"2\" ><div class=\"panel-widget-style panel-widget-style-for-8-2-1-0\" ><div\n\t\t\t\n\t\t\tclass=\"so-widget-sow-editor so-widget-sow-editor-base\"\n\t\t\t\n\t\t>\n<div class=\"siteorigin-widget-tinymce textwidget\">\n\t<p>Schon fr\u00fch faszinierte mich der menschliche K\u00f6rper, seine komplexe Anatomie und Physiologie.<span class=\"Apple-converted-space\">\u00a0<\/span>Und so absolvierte ich zun\u00e4chst die Ausbildung zur Physiotherapeutin.<span class=\"Apple-converted-space\">\u00a0<\/span>Mehr und mehr wollte ich aber eine ganzheitliche Sicht auf das Wunderwerk Mensch erlangen und begann 2015 mit der f\u00fcnfj\u00e4hrigen Ausbildung zur Osteopathin. Dort bekam ich viele Antworten auf Fragen, die \u00fcber die symptomatische Behandlung von Beschwerden hinausgingen.<span class=\"Apple-converted-space\">\u00a0<\/span><\/p>\n<p>In der Osteopathie fand ich eine wundervolle Methode den K\u00f6rper mit den H\u00e4nden zu behandeln.<span class=\"Apple-converted-space\">\u00a0<\/span>Mich faszinierte der Therapieansatz und diese h\u00e4lt bis heute an und begleitet mich im Praxisalltag.<span class=\"Apple-converted-space\">\u00a0<\/span>Durch laufend neue Entwicklungen ist die Osteopathie sehr lebendig und im st\u00e4ndigen Prozess.<span class=\"Apple-converted-space\">\u00a0<\/span><\/p>\n<p>Die ganzheitliche Herangehensweise und das Wissen, dass es immer noch Neues zu erlernen gibt, verschaffen mir eine tiefe Zufriedenheit in meiner Arbeit.<\/p>\n<\/div>\n<\/div><\/div><\/div><\/div><\/div><\/div><div id=\"pg-8-3\"  class=\"panel-grid panel-no-style\" ><div id=\"pgc-8-3-0\"  class=\"panel-grid-cell\" ><div id=\"panel-8-3-0-0\" class=\"so-panel widget widget_sow-editor panel-first-child panel-last-child\" data-index=\"3\" ><div class=\"panel-widget-style panel-widget-style-for-8-3-0-0\" ><div\n\t\t\t\n\t\t\tclass=\"so-widget-sow-editor so-widget-sow-editor-base\"\n\t\t\t\n\t\t>\n<div class=\"siteorigin-widget-tinymce textwidget\">\n\t<ul>\n<li>Dreij\u00e4hrige Ausbildung zur staatlich anerkannten Physiotherapeutin an der Schule f\u00fcr Physiotherapie Duisburg e.V. mit dem Abschluss 2012<span class=\"Apple-converted-space\">\u00a0<\/span><\/li>\n<li>Ab 2012 besch\u00e4ftigt als Physiotherapeutin im ev. Krankenhaus Duisburg Nord mit zwischenzeitlichem Wechsel zur ambulanten neurologischen Reha in der Theaterpassage Essen<span class=\"Apple-converted-space\">\u00a0<\/span><\/li>\n<li>Diverse Zusatzqualifikationen im Bereich Physiotherapie: Zertifikat des Bobath Konzepts f\u00fcr die Behandlung Erwachsener \/\/ manuelle Lymphdrainage \/\/ Schwindeltherapie \/\/ Manuelle Therapie nach Brian Mulligan \/\/<span class=\"Apple-converted-space\">\u00a0<\/span><\/li>\n<li>F\u00fcnfj\u00e4hrige Osteopathieausbildung an der IFPO Osteopathieakademie Bochum, Abschluss 2019<\/li>\n<li>Abschluss zum staatlich gepr\u00fcften Heilpraktiker am Gesundheitsamt Krefeld 2018<\/li>\n<li>Zusatzausbildung S\u00e4uglings- und Kinderosteopathie an der IFPO Osteopathieakademie in Bochum 2019<\/li>\n<li>Seit 2019 t\u00e4tig in der \u201ePraxis f\u00fcr Osteopathie am Bochumer Schauspielhaus\u201c<span class=\"Apple-converted-space\">\u00a0<\/span><\/li>\n<li>Fortbildung \u201efunktionelle Herzbeschwerden aus osteopathischer Sicht\u201c am Institut f\u00fcr praktische Osteopathie Bochum 2019<\/li>\n<li>Im Jahr 2020 Er\u00f6ffnung der eigenen Praxis f\u00fcr Osteopathie im Erlengrund<span class=\"Apple-converted-space\">\u00a0<\/span><\/li>\n<\/ul>\n<\/div>\n<\/div><\/div><\/div><\/div><\/div><div id=\"pg-8-4\"  class=\"panel-grid panel-no-style\" ><div id=\"pgc-8-4-0\"  class=\"panel-grid-cell panel-grid-cell-empty\" ><\/div><\/div><\/div>","protected":false},"excerpt":{"rendered":"<p>\u00dcBER MICH<\/p>\n","protected":false},"author":1,"featured_media":0,"parent":0,"menu_order":0,"comment_status":"closed","ping_status":"closed","template":"","meta":{"footnotes":""},"class_list":["post-8","page","type-page","status-publish","hentry"],"yoast_head":"<!-- This site is optimized with the Yoast SEO plugin v27.4 - https:\/\/yoast.com\/product\/yoast-seo-wordpress\/ -->\n<title>\u00dcBER MICH - Osteopathie Oberhausen<\/title>\n<meta name=\"robots\" content=\"index, follow, max-snippet:-1, max-image-preview:large, max-video-preview:-1\" \/>\n<link rel=\"canonical\" href=\"https:\/\/osteopathie-oberhausen.com\/de\/ueber-mich\/\" \/>\n<meta property=\"og:locale\" content=\"de_DE\" \/>\n<meta property=\"og:type\" content=\"article\" \/>\n<meta property=\"og:title\" content=\"\u00dcBER MICH - Osteopathie Oberhausen\" \/>\n<meta property=\"og:description\" content=\"\u00dcBER MICH\" \/>\n<meta property=\"og:url\" content=\"https:\/\/osteopathie-oberhausen.com\/de\/ueber-mich\/\" \/>\n<meta property=\"og:site_name\" content=\"Osteopathie Oberhausen\" \/>\n<meta property=\"article:modified_time\" content=\"2023-04-01T15:47:10+00:00\" \/>\n<meta property=\"og:image\" content=\"https:\/\/osteopathie-oberhausen.com\/de\/wp-content\/uploads\/selbst.jpg\" \/>\n<meta name=\"twitter:card\" content=\"summary_large_image\" \/>\n<meta name=\"twitter:label1\" content=\"Gesch\u00e4tzte Lesezeit\" \/>\n\t<meta name=\"twitter:data1\" content=\"2\u00a0Minuten\" \/>\n<script type=\"application\/ld+json\" class=\"yoast-schema-graph\">{\"@context\":\"https:\\\/\\\/schema.org\",\"@graph\":[{\"@type\":\"WebPage\",\"@id\":\"https:\\\/\\\/osteopathie-oberhausen.com\\\/de\\\/ueber-mich\\\/\",\"url\":\"https:\\\/\\\/osteopathie-oberhausen.com\\\/de\\\/ueber-mich\\\/\",\"name\":\"\u00dcBER MICH - Osteopathie Oberhausen\",\"isPartOf\":{\"@id\":\"https:\\\/\\\/osteopathie-oberhausen.com\\\/de\\\/#website\"},\"primaryImageOfPage\":{\"@id\":\"https:\\\/\\\/osteopathie-oberhausen.com\\\/de\\\/ueber-mich\\\/#primaryimage\"},\"image\":{\"@id\":\"https:\\\/\\\/osteopathie-oberhausen.com\\\/de\\\/ueber-mich\\\/#primaryimage\"},\"thumbnailUrl\":\"https:\\\/\\\/osteopathie-oberhausen.com\\\/de\\\/wp-content\\\/uploads\\\/selbst.jpg\",\"datePublished\":\"2020-09-24T12:35:25+00:00\",\"dateModified\":\"2023-04-01T15:47:10+00:00\",\"breadcrumb\":{\"@id\":\"https:\\\/\\\/osteopathie-oberhausen.com\\\/de\\\/ueber-mich\\\/#breadcrumb\"},\"inLanguage\":\"de\",\"potentialAction\":[{\"@type\":\"ReadAction\",\"target\":[\"https:\\\/\\\/osteopathie-oberhausen.com\\\/de\\\/ueber-mich\\\/\"]}]},{\"@type\":\"ImageObject\",\"inLanguage\":\"de\",\"@id\":\"https:\\\/\\\/osteopathie-oberhausen.com\\\/de\\\/ueber-mich\\\/#primaryimage\",\"url\":\"https:\\\/\\\/osteopathie-oberhausen.com\\\/de\\\/wp-content\\\/uploads\\\/selbst.jpg\",\"contentUrl\":\"https:\\\/\\\/osteopathie-oberhausen.com\\\/de\\\/wp-content\\\/uploads\\\/selbst.jpg\",\"width\":1000,\"height\":810},{\"@type\":\"BreadcrumbList\",\"@id\":\"https:\\\/\\\/osteopathie-oberhausen.com\\\/de\\\/ueber-mich\\\/#breadcrumb\",\"itemListElement\":[{\"@type\":\"ListItem\",\"position\":1,\"name\":\"Startseite\",\"item\":\"https:\\\/\\\/osteopathie-oberhausen.com\\\/de\\\/\"},{\"@type\":\"ListItem\",\"position\":2,\"name\":\"\u00dcBER MICH\"}]},{\"@type\":\"WebSite\",\"@id\":\"https:\\\/\\\/osteopathie-oberhausen.com\\\/de\\\/#website\",\"url\":\"https:\\\/\\\/osteopathie-oberhausen.com\\\/de\\\/\",\"name\":\"Osteopathie Oberhausen\",\"description\":\"Behandlung von S\u00e4uglingen, Kindern und Erwachsenen\",\"publisher\":{\"@id\":\"https:\\\/\\\/osteopathie-oberhausen.com\\\/de\\\/#organization\"},\"potentialAction\":[{\"@type\":\"SearchAction\",\"target\":{\"@type\":\"EntryPoint\",\"urlTemplate\":\"https:\\\/\\\/osteopathie-oberhausen.com\\\/de\\\/?s={search_term_string}\"},\"query-input\":{\"@type\":\"PropertyValueSpecification\",\"valueRequired\":true,\"valueName\":\"search_term_string\"}}],\"inLanguage\":\"de\"},{\"@type\":\"Organization\",\"@id\":\"https:\\\/\\\/osteopathie-oberhausen.com\\\/de\\\/#organization\",\"name\":\"Miriam Dierich \u23a5 Heilpraktikerin\",\"url\":\"https:\\\/\\\/osteopathie-oberhausen.com\\\/de\\\/\",\"logo\":{\"@type\":\"ImageObject\",\"inLanguage\":\"de\",\"@id\":\"https:\\\/\\\/osteopathie-oberhausen.com\\\/de\\\/#\\\/schema\\\/logo\\\/image\\\/\",\"url\":\"https:\\\/\\\/osteopathie-oberhausen.com\\\/de\\\/wp-content\\\/uploads\\\/logo.svg\",\"contentUrl\":\"https:\\\/\\\/osteopathie-oberhausen.com\\\/de\\\/wp-content\\\/uploads\\\/logo.svg\",\"width\":245,\"height\":71,\"caption\":\"Miriam Dierich \u23a5 Heilpraktikerin\"},\"image\":{\"@id\":\"https:\\\/\\\/osteopathie-oberhausen.com\\\/de\\\/#\\\/schema\\\/logo\\\/image\\\/\"}}]}<\/script>\n<!-- \/ Yoast SEO plugin. -->","yoast_head_json":{"title":"\u00dcBER MICH - Osteopathie Oberhausen","robots":{"index":"index","follow":"follow","max-snippet":"max-snippet:-1","max-image-preview":"max-image-preview:large","max-video-preview":"max-video-preview:-1"},"canonical":"https:\/\/osteopathie-oberhausen.com\/de\/ueber-mich\/","og_locale":"de_DE","og_type":"article","og_title":"\u00dcBER MICH - Osteopathie Oberhausen","og_description":"\u00dcBER MICH","og_url":"https:\/\/osteopathie-oberhausen.com\/de\/ueber-mich\/","og_site_name":"Osteopathie Oberhausen","article_modified_time":"2023-04-01T15:47:10+00:00","og_image":[{"url":"https:\/\/osteopathie-oberhausen.com\/de\/wp-content\/uploads\/selbst.jpg","type":"","width":"","height":""}],"twitter_card":"summary_large_image","twitter_misc":{"Gesch\u00e4tzte Lesezeit":"2\u00a0Minuten"},"schema":{"@context":"https:\/\/schema.org","@graph":[{"@type":"WebPage","@id":"https:\/\/osteopathie-oberhausen.com\/de\/ueber-mich\/","url":"https:\/\/osteopathie-oberhausen.com\/de\/ueber-mich\/","name":"\u00dcBER MICH - Osteopathie Oberhausen","isPartOf":{"@id":"https:\/\/osteopathie-oberhausen.com\/de\/#website"},"primaryImageOfPage":{"@id":"https:\/\/osteopathie-oberhausen.com\/de\/ueber-mich\/#primaryimage"},"image":{"@id":"https:\/\/osteopathie-oberhausen.com\/de\/ueber-mich\/#primaryimage"},"thumbnailUrl":"https:\/\/osteopathie-oberhausen.com\/de\/wp-content\/uploads\/selbst.jpg","datePublished":"2020-09-24T12:35:25+00:00","dateModified":"2023-04-01T15:47:10+00:00","breadcrumb":{"@id":"https:\/\/osteopathie-oberhausen.com\/de\/ueber-mich\/#breadcrumb"},"inLanguage":"de","potentialAction":[{"@type":"ReadAction","target":["https:\/\/osteopathie-oberhausen.com\/de\/ueber-mich\/"]}]},{"@type":"ImageObject","inLanguage":"de","@id":"https:\/\/osteopathie-oberhausen.com\/de\/ueber-mich\/#primaryimage","url":"https:\/\/osteopathie-oberhausen.com\/de\/wp-content\/uploads\/selbst.jpg","contentUrl":"https:\/\/osteopathie-oberhausen.com\/de\/wp-content\/uploads\/selbst.jpg","width":1000,"height":810},{"@type":"BreadcrumbList","@id":"https:\/\/osteopathie-oberhausen.com\/de\/ueber-mich\/#breadcrumb","itemListElement":[{"@type":"ListItem","position":1,"name":"Startseite","item":"https:\/\/osteopathie-oberhausen.com\/de\/"},{"@type":"ListItem","position":2,"name":"\u00dcBER MICH"}]},{"@type":"WebSite","@id":"https:\/\/osteopathie-oberhausen.com\/de\/#website","url":"https:\/\/osteopathie-oberhausen.com\/de\/","name":"Osteopathie Oberhausen","description":"Behandlung von S\u00e4uglingen, Kindern und Erwachsenen","publisher":{"@id":"https:\/\/osteopathie-oberhausen.com\/de\/#organization"},"potentialAction":[{"@type":"SearchAction","target":{"@type":"EntryPoint","urlTemplate":"https:\/\/osteopathie-oberhausen.com\/de\/?s={search_term_string}"},"query-input":{"@type":"PropertyValueSpecification","valueRequired":true,"valueName":"search_term_string"}}],"inLanguage":"de"},{"@type":"Organization","@id":"https:\/\/osteopathie-oberhausen.com\/de\/#organization","name":"Miriam Dierich \u23a5 Heilpraktikerin","url":"https:\/\/osteopathie-oberhausen.com\/de\/","logo":{"@type":"ImageObject","inLanguage":"de","@id":"https:\/\/osteopathie-oberhausen.com\/de\/#\/schema\/logo\/image\/","url":"https:\/\/osteopathie-oberhausen.com\/de\/wp-content\/uploads\/logo.svg","contentUrl":"https:\/\/osteopathie-oberhausen.com\/de\/wp-content\/uploads\/logo.svg","width":245,"height":71,"caption":"Miriam Dierich \u23a5 Heilpraktikerin"},"image":{"@id":"https:\/\/osteopathie-oberhausen.com\/de\/#\/schema\/logo\/image\/"}}]}},"_links":{"self":[{"href":"https:\/\/osteopathie-oberhausen.com\/de\/wp-json\/wp\/v2\/pages\/8","targetHints":{"allow":["GET"]}}],"collection":[{"href":"https:\/\/osteopathie-oberhausen.com\/de\/wp-json\/wp\/v2\/pages"}],"about":[{"href":"https:\/\/osteopathie-oberhausen.com\/de\/wp-json\/wp\/v2\/types\/page"}],"author":[{"embeddable":true,"href":"https:\/\/osteopathie-oberhausen.com\/de\/wp-json\/wp\/v2\/users\/1"}],"replies":[{"embeddable":true,"href":"https:\/\/osteopathie-oberhausen.com\/de\/wp-json\/wp\/v2\/comments?post=8"}],"version-history":[{"count":1,"href":"https:\/\/osteopathie-oberhausen.com\/de\/wp-json\/wp\/v2\/pages\/8\/revisions"}],"predecessor-version":[{"id":245,"href":"https:\/\/osteopathie-oberhausen.com\/de\/wp-json\/wp\/v2\/pages\/8\/revisions\/245"}],"wp:attachment":[{"href":"https:\/\/osteopathie-oberhausen.com\/de\/wp-json\/wp\/v2\/media?parent=8"}],"curies":[{"name":"wp","href":"https:\/\/api.w.org\/{rel}","templated":true}]}}